{"id":2062,"date":"2021-06-09T10:30:07","date_gmt":"2021-06-09T08:30:07","guid":{"rendered":"https:\/\/www.brulafine.com\/magazine\/?page_id=2062"},"modified":"2021-06-09T15:38:16","modified_gmt":"2021-06-09T13:38:16","slug":"homepage-v2","status":"publish","type":"page","link":"https:\/\/www.brulafine.com\/magazine\/","title":{"rendered":"Homepage v2"},"content":{"rendered":"\n<h2 class=\"has-text-align-center h1 underline\">Le magazine forme et minceur<\/h2>\n\n\n\n<p class=\"has-text-align-center\">Pour garder la ligne et se sentir bien dans sa t\u00eate et son corps, conjuguer sport, <br>r\u00e9gime \u00e9quilibr\u00e9 et astuces bien-\u00eatre sont les ingr\u00e9dients parfaits pour atteindre votre objectif forme et minceur.<\/p>\n","protected":false},"excerpt":{"rendered":"<p>Le magazine forme et minceur Pour garder la ligne et se sentir bien dans sa t\u00eate et son corps, conjuguer&#8230;<\/p>\n","protected":false},"author":1,"featured_media":419,"parent":0,"menu_order":0,"comment_status":"closed","ping_status":"closed","template":"page_homepage.php","meta":{"om_disable_all_campaigns":false,"_monsterinsights_skip_tracking":false,"_monsterinsights_sitenote_active":false,"_monsterinsights_sitenote_note":"","_monsterinsights_sitenote_category":0},"aioseo_notices":[],"_links":{"self":[{"href":"https:\/\/www.brulafine.com\/magazine\/wp-json\/wp\/v2\/pages\/2062"}],"collection":[{"href":"https:\/\/www.brulafine.com\/magazine\/wp-json\/wp\/v2\/pages"}],"about":[{"href":"https:\/\/www.brulafine.com\/magazine\/wp-json\/wp\/v2\/types\/page"}],"author":[{"embeddable":true,"href":"https:\/\/www.brulafine.com\/magazine\/wp-json\/wp\/v2\/users\/1"}],"replies":[{"embeddable":true,"href":"https:\/\/www.brulafine.com\/magazine\/wp-json\/wp\/v2\/comments?post=2062"}],"version-history":[{"count":3,"href":"https:\/\/www.brulafine.com\/magazine\/wp-json\/wp\/v2\/pages\/2062\/revisions"}],"predecessor-version":[{"id":2104,"href":"https:\/\/www.brulafine.com\/magazine\/wp-json\/wp\/v2\/pages\/2062\/revisions\/2104"}],"wp:featuredmedia":[{"embeddable":true,"href":"https:\/\/www.brulafine.com\/magazine\/wp-json\/wp\/v2\/media\/419"}],"wp:attachment":[{"href":"https:\/\/www.brulafine.com\/magazine\/wp-json\/wp\/v2\/media?parent=2062"}],"curies":[{"name":"wp","href":"https:\/\/api.w.org\/{rel}","templated":true}]}}